{"id":164,"date":"2026-01-26T18:37:23","date_gmt":"2026-01-26T18:37:23","guid":{"rendered":"http:\/\/www.carmen-angela.ch\/?page_id=164"},"modified":"2026-02-03T21:42:28","modified_gmt":"2026-02-03T21:42:28","slug":"beratungen","status":"publish","type":"page","link":"http:\/\/www.carmen-angela.ch\/it\/beratungen\/","title":{"rendered":"Consulenze"},"content":{"rendered":"<div class=\"wp-block-cover alignfull has-parallax is-repeated has-custom-content-position is-position-bottom-center\" style=\"min-height:450px;aspect-ratio:unset;\"><div class=\"wp-block-cover__image-background wp-image-60 size-large has-parallax is-repeated\" style=\"background-position:46% 100%;background-image:url(http:\/\/www.carmen-angela.ch\/wp-content\/uploads\/2026\/01\/WhatsApp-Image-2026-01-19-at-23.21.15-768x1024.jpeg)\"><\/div><span aria-hidden=\"true\" class=\"wp-block-cover__background has-background-dim\"><\/span><div class=\"wp-block-cover__inner-container is-layout-flow wp-block-cover-is-layout-flow\">\n<p class=\"has-text-align-center has-background-color has-text-color has-link-color has-large-font-size wp-elements-e81e4c70f2b14c5ea8fc03bd568ff264\">Consulenze<\/p>\n<\/div><\/div>\n\n\n\n<p class=\"has-background-color has-text-color has-link-color wp-elements-00d38477676f27a21ce8ad050ee11c89\">Stiamo lavorando per offrirvi un'esperienza online migliore.<\/p>\n\n\n\n<p class=\"has-background-color has-text-color has-link-color wp-elements-4333ee43ebc251afbbca25fb497623cb\">Questa pagina sar\u00e0 presto disponibile con nuovi contenuti e funzioni per voi.<\/p>","protected":false},"excerpt":{"rendered":"<p>Wir arbeiten an einem verbesserten Online-Erlebnis f\u00fcr Sie Diese Seite ist in K\u00fcrze mit neuen Inhalten und Funktionen f\u00fcr Sie verf\u00fcgbar.<\/p>","protected":false},"author":1,"featured_media":114,"parent":0,"menu_order":0,"comment_status":"closed","ping_status":"closed","template":"","meta":{"footnotes":""},"class_list":["post-164","page","type-page","status-publish","has-post-thumbnail","hentry"],"_links":{"self":[{"href":"http:\/\/www.carmen-angela.ch\/it\/wp-json\/wp\/v2\/pages\/164","targetHints":{"allow":["GET"]}}],"collection":[{"href":"http:\/\/www.carmen-angela.ch\/it\/wp-json\/wp\/v2\/pages"}],"about":[{"href":"http:\/\/www.carmen-angela.ch\/it\/wp-json\/wp\/v2\/types\/page"}],"author":[{"embeddable":true,"href":"http:\/\/www.carmen-angela.ch\/it\/wp-json\/wp\/v2\/users\/1"}],"replies":[{"embeddable":true,"href":"http:\/\/www.carmen-angela.ch\/it\/wp-json\/wp\/v2\/comments?post=164"}],"version-history":[{"count":11,"href":"http:\/\/www.carmen-angela.ch\/it\/wp-json\/wp\/v2\/pages\/164\/revisions"}],"predecessor-version":[{"id":230,"href":"http:\/\/www.carmen-angela.ch\/it\/wp-json\/wp\/v2\/pages\/164\/revisions\/230"}],"wp:featuredmedia":[{"embeddable":true,"href":"http:\/\/www.carmen-angela.ch\/it\/wp-json\/wp\/v2\/media\/114"}],"wp:attachment":[{"href":"http:\/\/www.carmen-angela.ch\/it\/wp-json\/wp\/v2\/media?parent=164"}],"curies":[{"name":"wp","href":"https:\/\/api.w.org\/{rel}","templated":true}]}}