{"id":168,"date":"2026-01-26T18:43:59","date_gmt":"2026-01-26T18:43:59","guid":{"rendered":"http:\/\/www.carmen-angela.ch\/?page_id=168"},"modified":"2026-03-04T16:32:28","modified_gmt":"2026-03-04T16:32:28","slug":"kosmetic","status":"publish","type":"page","link":"http:\/\/www.carmen-angela.ch\/it\/kosmetic\/","title":{"rendered":"Estetica"},"content":{"rendered":"<div class=\"wp-block-cover alignfull has-parallax is-repeated has-custom-content-position is-position-bottom-center\" style=\"min-height:505px;aspect-ratio:unset;\"><div class=\"wp-block-cover__image-background wp-image-55 has-parallax is-repeated\" style=\"background-position:50% 50%;background-image:url(http:\/\/www.carmen-angela.ch\/wp-content\/uploads\/2026\/01\/WhatsApp-Image-2026-01-19-at-23.21.17-3-768x1024.jpeg)\"><\/div><span aria-hidden=\"true\" class=\"wp-block-cover__background has-background-dim\"><\/span><div class=\"wp-block-cover__inner-container is-layout-flow wp-block-cover-is-layout-flow\">\n<p class=\"has-text-align-center has-background-color has-text-color has-link-color has-large-font-size wp-elements-060893b89a1ffe25607361ce60a5b269\">Estetica<\/p>\n<\/div><\/div>\n\n\n\n<p class=\"has-background-color has-text-color has-link-color wp-elements-0a17e619d9f3e91939359d6fcaa69e9a\">Gesichtsbehandlungen: Hightech &amp; Natur f\u00fcr Ihre Haut<br>\u200bIn unserem Salon verbinden we innovative Hightech-Verfahren mit der Reinheit der biologischen Phytokosmetik von Ethicalbio. Jede Behandlung ist pr\u00e4zise auf die individuellen Bed\u00fcrfnisse Ihrer Haut abgestimmt, um sichtbare Ergebnisse und ein tiefes Wohlbefinden zu garantieren.<br>\u200bVon der digitalen Hautanalyse bis hin zu fortschrittlichen Anti-Aging- und Reinigungsprotokollen bieten wir ma\u00dfgeschneiderte L\u00f6sungen, die Ihr Hautbild regenerieren, beruhigen und zum Strahlen bringen.<br>\u200bUnsere Highlights:<br>\u200bHightech-Analyse: Pr\u00e4zise Diagnose f\u00fcr zielgerichtete Behandlungen.<br>\u200bEthicalbio Excellence: Fortschrittliche Bio-Formeln f\u00fcr maximale Hautschonung.<br>\u200bIndividuelle Protokolle: Ma\u00dfgeschneiderte L\u00f6sungen f\u00fcr jedes Hautbed\u00fcrfnis.<\/p>\n\n\n\n<p class=\"has-background-color has-text-color has-link-color wp-elements-a911c1e84d24e6faf78292314ec0274f\"><\/p>\n\n\n\n<div class=\"wp-block-buttons is-layout-flex wp-block-buttons-is-layout-flex\">\n<div class=\"wp-block-button\"><a class=\"wp-block-button__link wp-element-button\" href=\"https:\/\/fill.boloforms.com\/signature\/1bF0ylYWxF78Hd7FQR6LkArNlyhk04SA5Ort4JTZoWPE?p=view#googtrans(en)\">Compila il modulo (DE)<\/a><\/div>\n<\/div>\n\n\n\n<div class=\"wp-block-buttons is-layout-flex wp-block-buttons-is-layout-flex\">\n<div class=\"wp-block-button\"><a class=\"wp-block-button__link wp-element-button\" href=\"https:\/\/fill.boloforms.com\/signature\/1TXazbaICYQ15F-TAdFAVf9zAjmmVZb8M-57TQosqMis?p=view#googtrans(en)\">Compila il modulo (IT)<\/a><\/div>\n<\/div>","protected":false},"excerpt":{"rendered":"<p>Gesichtsbehandlungen: Hightech &amp; Natur f\u00fcr Ihre Haut\u200bIn unserem Salon verbinden we innovative Hightech-Verfahren mit der Reinheit der biologischen Phytokosmetik von Ethicalbio. Jede Behandlung ist pr\u00e4zise auf die individuellen Bed\u00fcrfnisse Ihrer Haut abgestimmt, um sichtbare Ergebnisse und ein tiefes Wohlbefinden zu garantieren.\u200bVon der digitalen Hautanalyse bis hin zu fortschrittlichen Anti-Aging- und Reinigungsprotokollen bieten wir ma\u00dfgeschneiderte L\u00f6sungen, [&hellip;]<\/p>\n","protected":false},"author":1,"featured_media":55,"parent":0,"menu_order":0,"comment_status":"closed","ping_status":"closed","template":"","meta":{"footnotes":""},"class_list":["post-168","page","type-page","status-publish","has-post-thumbnail","hentry"],"_links":{"self":[{"href":"http:\/\/www.carmen-angela.ch\/it\/wp-json\/wp\/v2\/pages\/168","targetHints":{"allow":["GET"]}}],"collection":[{"href":"http:\/\/www.carmen-angela.ch\/it\/wp-json\/wp\/v2\/pages"}],"about":[{"href":"http:\/\/www.carmen-angela.ch\/it\/wp-json\/wp\/v2\/types\/page"}],"author":[{"embeddable":true,"href":"http:\/\/www.carmen-angela.ch\/it\/wp-json\/wp\/v2\/users\/1"}],"replies":[{"embeddable":true,"href":"http:\/\/www.carmen-angela.ch\/it\/wp-json\/wp\/v2\/comments?post=168"}],"version-history":[{"count":10,"href":"http:\/\/www.carmen-angela.ch\/it\/wp-json\/wp\/v2\/pages\/168\/revisions"}],"predecessor-version":[{"id":289,"href":"http:\/\/www.carmen-angela.ch\/it\/wp-json\/wp\/v2\/pages\/168\/revisions\/289"}],"wp:featuredmedia":[{"embeddable":true,"href":"http:\/\/www.carmen-angela.ch\/it\/wp-json\/wp\/v2\/media\/55"}],"wp:attachment":[{"href":"http:\/\/www.carmen-angela.ch\/it\/wp-json\/wp\/v2\/media?parent=168"}],"curies":[{"name":"wp","href":"https:\/\/api.w.org\/{rel}","templated":true}]}}