{"id":208,"date":"2026-01-26T19:28:12","date_gmt":"2026-01-26T19:28:12","guid":{"rendered":"http:\/\/www.carmen-angela.ch\/?page_id=208"},"modified":"2026-03-03T20:49:17","modified_gmt":"2026-03-03T20:49:17","slug":"uber-uns","status":"publish","type":"page","link":"http:\/\/www.carmen-angela.ch\/it\/uber-uns\/","title":{"rendered":"\u00dcber Uns"},"content":{"rendered":"<div class=\"wp-block-media-text alignwide is-stacked-on-mobile\"><figure class=\"wp-block-media-text__media\"><img loading=\"lazy\" decoding=\"async\" width=\"2449\" height=\"2560\" src=\"http:\/\/www.carmen-angela.ch\/wp-content\/uploads\/2026\/01\/WhatsApp-Image-2026-01-19-at-23.21.16-2-scaled.jpeg\" alt=\"\" class=\"wp-image-62 size-full\" srcset=\"http:\/\/www.carmen-angela.ch\/wp-content\/uploads\/2026\/01\/WhatsApp-Image-2026-01-19-at-23.21.16-2-scaled.jpeg 2449w, http:\/\/www.carmen-angela.ch\/wp-content\/uploads\/2026\/01\/WhatsApp-Image-2026-01-19-at-23.21.16-2-287x300.jpeg 287w, http:\/\/www.carmen-angela.ch\/wp-content\/uploads\/2026\/01\/WhatsApp-Image-2026-01-19-at-23.21.16-2-980x1024.jpeg 980w, http:\/\/www.carmen-angela.ch\/wp-content\/uploads\/2026\/01\/WhatsApp-Image-2026-01-19-at-23.21.16-2-768x803.jpeg 768w, http:\/\/www.carmen-angela.ch\/wp-content\/uploads\/2026\/01\/WhatsApp-Image-2026-01-19-at-23.21.16-2-1469x1536.jpeg 1469w, http:\/\/www.carmen-angela.ch\/wp-content\/uploads\/2026\/01\/WhatsApp-Image-2026-01-19-at-23.21.16-2-1959x2048.jpeg 1959w\" sizes=\"auto, (max-width: 2449px) 100vw, 2449px\" \/><\/figure><div class=\"wp-block-media-text__content\">\n<p class=\"has-text-align-center has-background-color has-text-color has-link-color has-large-font-size wp-elements-c9cae91ef6c0b39e877d7c5d168d5c0f\">Carmen &amp; Angela Estetiste<\/p>\n\n\n\n<p class=\"has-background-color has-text-color has-link-color wp-elements-dbcd70a5949f833e9660a8e3dac3f83c\">Nel 2017, l'estetista Carmen Rinaldi ha aperto la sua prima cabina in subaffitto all'interno di un salone di parrucchiere in B\u00e4ckerstrasse 60.<br>Spinta dalla passione, dalla perseveranza e dalla fiducia sempre maggiore delle sue clienti, a ottobre 2024 ha inaugurato il proprio centro estetico indipendente in Forchstrasse 210.<\/p>\n\n\n\n<p class=\"has-background-color has-text-color has-link-color wp-elements-556affd1584fcca1296f819ecd97eb12\">A novembre 2025, Angela si \u00e8 unita allo studio come collega in subaffitto.<br>A testimonianza della loro amicizia, della profonda fiducia reciproca e della stima professionale, Carmen ha scelto di cambiare il nome del centro estetico in Carmen &amp; Angela Kosmetikerin, per simboleggiare la loro unione e collaborazione.<\/p>\n\n\n\n<p class=\"has-background-color has-text-color has-link-color wp-elements-414f5901e84ef4a59633231d9ec1cde8\">La nostra storia nasce da una profonda amicizia e da una visione comune: dare vita a uno spazio che vada oltre il tradizionale centro estetico. Un luogo dove potersi rilassare e ritrovare nuove energie.<br>Con anni di esperienza nel settore del beauty e del wellness, abbiamo unito le nostre forze per potervi offrire un servizio in grado di rispondere alle massime esigenze di qualit\u00e0.<\/p>\n\n\n\n<p class=\"has-background-color has-text-color has-link-color wp-elements-a911c1e84d24e6faf78292314ec0274f\"><\/p>\n<\/div><\/div>","protected":false},"excerpt":{"rendered":"<p>Carmen &amp; Angela Kosmetikerin Carmen Rinaldi Kosmetikerin er\u00f6ffnete 2017 ihre erste Kabine zur Untermiete in einem Friseursalon in der B\u00e4ckerstrasse 60.Dank ihrer Leidenschaft, ihrer Ausdauer und dem wachsenden Vertrauen ihrer Kundinnen er\u00f6ffnete sie im Oktober 2024 ihr eigenes, unabh\u00e4ngiges Kosmetikstudio in der Forchstrasse 210. Im November 2025 kam Angela als Kollegin zur Untermiete dazu.Als Zeichen [&hellip;]<\/p>\n","protected":false},"author":1,"featured_media":0,"parent":0,"menu_order":0,"comment_status":"closed","ping_status":"closed","template":"","meta":{"footnotes":""},"class_list":["post-208","page","type-page","status-publish","hentry"],"_links":{"self":[{"href":"http:\/\/www.carmen-angela.ch\/it\/wp-json\/wp\/v2\/pages\/208","targetHints":{"allow":["GET"]}}],"collection":[{"href":"http:\/\/www.carmen-angela.ch\/it\/wp-json\/wp\/v2\/pages"}],"about":[{"href":"http:\/\/www.carmen-angela.ch\/it\/wp-json\/wp\/v2\/types\/page"}],"author":[{"embeddable":true,"href":"http:\/\/www.carmen-angela.ch\/it\/wp-json\/wp\/v2\/users\/1"}],"replies":[{"embeddable":true,"href":"http:\/\/www.carmen-angela.ch\/it\/wp-json\/wp\/v2\/comments?post=208"}],"version-history":[{"count":3,"href":"http:\/\/www.carmen-angela.ch\/it\/wp-json\/wp\/v2\/pages\/208\/revisions"}],"predecessor-version":[{"id":285,"href":"http:\/\/www.carmen-angela.ch\/it\/wp-json\/wp\/v2\/pages\/208\/revisions\/285"}],"wp:attachment":[{"href":"http:\/\/www.carmen-angela.ch\/it\/wp-json\/wp\/v2\/media?parent=208"}],"curies":[{"name":"wp","href":"https:\/\/api.w.org\/{rel}","templated":true}]}}