{"id":219,"date":"2026-01-26T19:40:55","date_gmt":"2026-01-26T19:40:55","guid":{"rendered":"http:\/\/www.carmen-angela.ch\/?page_id=219"},"modified":"2026-02-26T16:51:45","modified_gmt":"2026-02-26T16:51:45","slug":"massagen-korperbehandlungen","status":"publish","type":"page","link":"http:\/\/www.carmen-angela.ch\/it\/massagen-korperbehandlungen\/","title":{"rendered":"Massaggi &amp; Trattamenti corpo"},"content":{"rendered":"<div class=\"wp-block-cover alignfull has-parallax is-repeated has-custom-content-position is-position-bottom-center\"><div class=\"wp-block-cover__image-background wp-image-158 has-parallax is-repeated\" style=\"background-position:50% 50%;background-image:url(http:\/\/www.carmen-angela.ch\/wp-content\/uploads\/2026\/01\/4aeadc8b-ad1f-423c-8ee4-b2f7c1992c89-576x1024.jpg)\"><\/div><span aria-hidden=\"true\" class=\"wp-block-cover__background has-background-dim\"><\/span><div class=\"wp-block-cover__inner-container is-layout-flow wp-block-cover-is-layout-flow\">\n<p class=\"has-text-align-center has-background-color has-text-color has-link-color has-large-font-size wp-elements-fbe6ac48c0a5a1724558e787281f3d55\">Massaggi &amp; Trattamenti corpo<\/p>\n<\/div><\/div>\n\n\n\n<p class=\"has-background-color has-text-color has-link-color wp-elements-40b6750c04eb84207d05e2d999a53f36\"><br>\u200bG\u00f6nnen Sie sich einen Moment purer Entspannung und Pflege f\u00fcr Ihren K\u00f6rper. Unsere Massagen sind darauf ausgerichtet, Verspannungen zu l\u00f6sen, die Durchblutung zu f\u00f6rdern und das Gleichgewicht zwischen K\u00f6rper und Geist in einer einladenden Umgebung wiederherzustellen.<br>\u200bKlassische Massagen: Ideal, um Muskelverspannungen zu l\u00f6sen und ein allgemeines Wohlbefinden zu f\u00f6rdern. Perfekt f\u00fcr alle, die nach einem anstrengenden Tag Erleichterung suchen.<br>\u200b\u00c4sthetische Lymphdrainage: Eine sanfte und rhythmische Technik zur Stimulierung des Lymphsystems. Sie hilft, Schwellungen zu reduzieren, Wassereinlagerungen entgegenzuwirken und den Abtransport von Giftstoffen zu f\u00f6rdern.<br>\u200bAntistress-Massage: Eine wahre Reise f\u00fcr die Sinne, um das Nervensystem zu beruhigen. Mit flie\u00dfenden und umh\u00fcllenden Bewegungen werden Alltagssorgen losgelassen und neue Energie getankt.<\/p>","protected":false},"excerpt":{"rendered":"<p>\u200bG\u00f6nnen Sie sich einen Moment purer Entspannung und Pflege f\u00fcr Ihren K\u00f6rper. Unsere Massagen sind darauf ausgerichtet, Verspannungen zu l\u00f6sen, die Durchblutung zu f\u00f6rdern und das Gleichgewicht zwischen K\u00f6rper und Geist in einer einladenden Umgebung wiederherzustellen.\u200bKlassische Massagen: Ideal, um Muskelverspannungen zu l\u00f6sen und ein allgemeines Wohlbefinden zu f\u00f6rdern. Perfekt f\u00fcr alle, die nach einem anstrengenden [&hellip;]<\/p>\n","protected":false},"author":1,"featured_media":0,"parent":0,"menu_order":0,"comment_status":"closed","ping_status":"closed","template":"","meta":{"footnotes":""},"class_list":["post-219","page","type-page","status-publish","hentry"],"_links":{"self":[{"href":"http:\/\/www.carmen-angela.ch\/it\/wp-json\/wp\/v2\/pages\/219","targetHints":{"allow":["GET"]}}],"collection":[{"href":"http:\/\/www.carmen-angela.ch\/it\/wp-json\/wp\/v2\/pages"}],"about":[{"href":"http:\/\/www.carmen-angela.ch\/it\/wp-json\/wp\/v2\/types\/page"}],"author":[{"embeddable":true,"href":"http:\/\/www.carmen-angela.ch\/it\/wp-json\/wp\/v2\/users\/1"}],"replies":[{"embeddable":true,"href":"http:\/\/www.carmen-angela.ch\/it\/wp-json\/wp\/v2\/comments?post=219"}],"version-history":[{"count":5,"href":"http:\/\/www.carmen-angela.ch\/it\/wp-json\/wp\/v2\/pages\/219\/revisions"}],"predecessor-version":[{"id":277,"href":"http:\/\/www.carmen-angela.ch\/it\/wp-json\/wp\/v2\/pages\/219\/revisions\/277"}],"wp:attachment":[{"href":"http:\/\/www.carmen-angela.ch\/it\/wp-json\/wp\/v2\/media?parent=219"}],"curies":[{"name":"wp","href":"https:\/\/api.w.org\/{rel}","templated":true}]}}