{"id":255,"date":"2026-02-16T17:22:02","date_gmt":"2026-02-16T17:22:02","guid":{"rendered":"http:\/\/www.carmen-angela.ch\/?page_id=255"},"modified":"2026-02-16T17:32:07","modified_gmt":"2026-02-16T17:32:07","slug":"privacy-policy","status":"publish","type":"page","link":"https:\/\/www.carmen-angela.ch\/it\/privacy-policy\/","title":{"rendered":"Privacy Policy"},"content":{"rendered":"<h2 class=\"wp-block-heading has-background-color has-text-color has-link-color wp-elements-fa15fcbf349b5e8c5025f476b7b49cac\">Informativa sulla privacy<\/h2>\n\n\n\n<p class=\"has-background-color has-text-color has-link-color wp-elements-85aa8b2cfe0629360a288c2d6f575602\"><em>Ai sensi dell'art. 19 della Legge federale sulla protezione dei dati (nLPD)<\/em><\/p>\n\n\n\n<h3 class=\"wp-block-heading has-background-color has-text-color has-link-color wp-elements-f56e1ecf4897a1191c217ed64e67bb2d\">1. Titolare del trattamento dei dati<\/h3>\n\n\n\n<p class=\"has-background-color has-text-color has-link-color wp-elements-952d628639667a8cc2de803d9f03e645\">Il titolare del trattamento dei dati personali ai sensi di <strong>art. 5 lett. j nLPD<\/strong> \u00e8:<\/p>\n\n\n\n<p class=\"has-background-color has-text-color has-link-color wp-elements-d1a666d44c9d17e3fb3a447ece0b2d95\"><strong>Carmen Rinaldi Kosmetikerin<\/strong>, <strong>Forchstrasse 210<\/strong>&nbsp;<strong>8032 Zurigo<\/strong>,&nbsp;<strong>Svizzera<\/strong> E-mail: kosmetikerincarmenrinaldi@gmail.com Telefono: +41 76 805 28 79<\/p>\n\n\n\n<p><\/p>\n\n\n\n<h3 class=\"wp-block-heading has-background-color has-text-color has-link-color wp-elements-d5229948b958921521da8b8e622ac1d0\">2. Categorie di dati e base giuridica<\/h3>\n\n\n\n<p class=\"has-background-color has-text-color has-link-color wp-elements-5ed228cc6becfdaf12af74ace3986efc\">In conformit\u00e0 ai principi di liceit\u00e0 e proporzionalit\u00e0 (<strong>art. 6 nLPD<\/strong>) trattiamo le seguenti categorie di dati:<\/p>\n\n\n\n<ul class=\"wp-block-list\">\n<li class=\"has-background-color has-text-color has-link-color wp-elements-bc4b5431663d9c362ce50d41afa42091\"><strong>Dati tecnici (Cookie tecnici):<\/strong> Il sito utilizza esclusivamente cookie tecnici necessari per il funzionamento della piattaforma WordPress. Il trattamento \u00e8 giustificato dall'interesse preponderante del titolare a fornire un sito web sicuro e funzionante (<strong>art. 31 nLPD<\/strong>).<\/li>\n\n\n\n<li class=\"has-background-color has-text-color has-link-color wp-elements-6f3afd0f4b31f62d4c885c146ca24881\"><strong>Dati degni di particolare protezione (Dati sanitari):<\/strong> Tramite la compilazione del modulo \u00abConsenso informato\u00bb (Google Forms) raccogliamo dati sanitari (ad es. anamnesi, tipo di pelle). Questi sono considerati, ai sensi <strong>art. 5 lett. c nLPD<\/strong> come \u00abdati degni di particolare protezione\u00bb. Il trattamento di questi dati avviene esclusivamente sulla base <strong>del consenso esplicito<\/strong> dell'interessato (<strong>art. 6 cpv. 6 e art. 30 nLPD<\/strong>), al fine di valutare l'idoneit\u00e0 al trattamento estetico.<\/li>\n<\/ul>\n\n\n\n<p><\/p>\n\n\n\n<h3 class=\"wp-block-heading has-background-color has-text-color has-link-color wp-elements-816f66fab006fbd90d07490d35170ce2\">3. Finalit\u00e0 del trattamento dei dati<\/h3>\n\n\n\n<p class=\"has-background-color has-text-color has-link-color wp-elements-700ef9651ed759569b28621e14ea857c\">I dati raccolti vengono trattati per le seguenti finalit\u00e0:<\/p>\n\n\n\n<ol start=\"1\" class=\"wp-block-list\">\n<li class=\"has-background-color has-text-color has-link-color wp-elements-bdd0619b7233e224259a980b62e7e90b\">Gestione tecnica e sicurezza del sito web.<\/li>\n\n\n\n<li class=\"has-background-color has-text-color has-link-color wp-elements-5952a3c1aa3ec875bbd05209c3e7764f\">Esecuzione del contratto di servizi e gestione degli appuntamenti.<\/li>\n\n\n\n<li class=\"has-background-color has-text-color has-link-color wp-elements-bdfea4b7059e2fb9284afb581978545b\">Tutela della salute del cliente durante i trattamenti laser.<\/li>\n<\/ol>\n\n\n\n<p><\/p>\n\n\n\n<h3 class=\"wp-block-heading has-background-color has-text-color has-link-color wp-elements-3d96d109aee1547467c60c99988f4fdc\">Comunicazione di dati all'estero (Google Forms)<\/h3>\n\n\n\n<p class=\"has-background-color has-text-color has-link-color wp-elements-1d63476c3adbc87fb7066c876c75125f\">Per la raccolta dei dati sanitari, il sito web utilizza la piattaforma <strong>Google Forms<\/strong>. L'utente \u00e8 informato che i dati, ai sensi <strong>all'art. 17 nLPD<\/strong> trasferiti e trattati su server situati negli Stati Uniti d'America (USA). Poich\u00e9 attualmente non esiste una decisione di adeguatezza completa da parte del Consiglio federale svizzero per gli Stati Uniti, il trasferimento avviene sulla base del consenso esplicito dell'utente, richiesto prima dell'invio del modulo, ai sensi <strong>dell'art. 17 cpv. 1 lett. a nLPD<\/strong>.<\/p>\n\n\n\n<p><\/p>\n\n\n\n<h3 class=\"wp-block-heading has-background-color has-text-color has-link-color wp-elements-4464bf5cf9545dec545037c5282352f2\">5. Diritti dell'interessato<\/h3>\n\n\n\n<p class=\"has-background-color has-text-color has-link-color wp-elements-fb4a0aa200aa0b3c114cb24b46ff5a49\">Ai sensi del capitolo 4 della nLPD, l'utente dispone dei seguenti diritti:<\/p>\n\n\n\n<ul class=\"wp-block-list\">\n<li class=\"has-background-color has-text-color has-link-color wp-elements-f889c57a39479d797bc91c4a58e4a01b\"><strong>Diritto d'accesso (art. 25 nLPD):<\/strong> L'utente pu\u00f2 richiedere se siano in corso trattamenti di dati personali che lo riguardano.<\/li>\n\n\n\n<li class=\"has-background-color has-text-color has-link-color wp-elements-25d8cd0d791346ad02e77f05454962c2\"><strong>Diritto alla consegna o alla portabilit\u00e0 dei dati (art. 28 nLPD):<\/strong> L'utente pu\u00f2 richiedere la consegna dei propri dati in un formato elettronico di uso comune.<\/li>\n\n\n\n<li class=\"has-background-color has-text-color has-link-color wp-elements-9b56cc4a1e71068739432c3eecec6527\"><strong>Diritto di rettifica e di cancellazione (art. 32 nLPD):<\/strong> L'utente pu\u00f2 richiedere la rettifica di dati inesatti o la loro cancellazione, a condizione che non vi siano obblighi legali di conservazione contrari (ad es. obblighi di tenuta della contabilit\u00e0).<\/li>\n<\/ul>\n\n\n\n<p class=\"has-background-color has-text-color has-link-color wp-elements-8e8d6fa25280d18ed794319f6f366777\">Per esercitare tali diritti, \u00e8 possibile contattarci all'indirizzo e-mail sopra indicato.<\/p>","protected":false},"excerpt":{"rendered":"<p>Datenschutzerkl\u00e4rung Gem\u00e4ss Art. 19 des Bundesgesetzes \u00fcber den Datenschutz (nDSG) 1. Verantwortlicher f\u00fcr die Datenbearbeitung Verantwortlicher f\u00fcr die Bearbeitung der Personendaten im Sinne von Art. 5 lit. j nDSG ist: Carmen Rinaldi Kosmetikerin, Forchstrasse 210&nbsp;8032 Z\u00fcrich,&nbsp;Schweiz E-Mail-Kontakt: kosmetikerincarmenrinaldi@gmail.com Telefon: +41 76 805 28 79 2. Datenkategorien und Rechtsgrundlage In \u00dcbereinstimmung mit den Grunds\u00e4tzen der Rechtm\u00e4ssigkeit [&hellip;]<\/p>\n","protected":false},"author":1,"featured_media":0,"parent":0,"menu_order":0,"comment_status":"closed","ping_status":"closed","template":"","meta":{"footnotes":""},"class_list":["post-255","page","type-page","status-publish","hentry"],"_links":{"self":[{"href":"https:\/\/www.carmen-angela.ch\/it\/wp-json\/wp\/v2\/pages\/255","targetHints":{"allow":["GET"]}}],"collection":[{"href":"https:\/\/www.carmen-angela.ch\/it\/wp-json\/wp\/v2\/pages"}],"about":[{"href":"https:\/\/www.carmen-angela.ch\/it\/wp-json\/wp\/v2\/types\/page"}],"author":[{"embeddable":true,"href":"https:\/\/www.carmen-angela.ch\/it\/wp-json\/wp\/v2\/users\/1"}],"replies":[{"embeddable":true,"href":"https:\/\/www.carmen-angela.ch\/it\/wp-json\/wp\/v2\/comments?post=255"}],"version-history":[{"count":3,"href":"https:\/\/www.carmen-angela.ch\/it\/wp-json\/wp\/v2\/pages\/255\/revisions"}],"predecessor-version":[{"id":263,"href":"https:\/\/www.carmen-angela.ch\/it\/wp-json\/wp\/v2\/pages\/255\/revisions\/263"}],"wp:attachment":[{"href":"https:\/\/www.carmen-angela.ch\/it\/wp-json\/wp\/v2\/media?parent=255"}],"curies":[{"name":"wp","href":"https:\/\/api.w.org\/{rel}","templated":true}]}}